{"id":3935,"date":"2025-02-28T20:28:54","date_gmt":"2025-02-28T19:28:54","guid":{"rendered":"https:\/\/celebrujsiebie.pl\/cart\/"},"modified":"2025-10-18T18:42:52","modified_gmt":"2025-10-18T16:42:52","slug":"cart","status":"publish","type":"page","link":"https:\/\/celebrujsiebie.pl\/en\/cart\/","title":{"rendered":"Cart"},"content":{"rendered":"\t\t<div data-elementor-type=\"wp-page\" data-elementor-id=\"3935\" class=\"elementor elementor-3935 elementor-902\" data-elementor-post-type=\"page\">\n\t\t\t\t<div class=\"elementor-element elementor-element-a11da6a elementor-hidden-tablet elementor-hidden-mobile e-flex e-con-boxed e-con e-parent\" data-id=\"a11da6a\" data-element_type=\"container\">\n\t\t\t\t\t<div class=\"e-con-inner\">\n\t\t<div class=\"elementor-element elementor-element-c2e5120 e-con-full e-flex e-con e-child\" data-id=\"c2e5120\" data-element_type=\"container\">\n\t\t\t\t<div class=\"elementor-element elementor-element-b66c1da elementor-widget elementor-widget-icon-box\" data-id=\"b66c1da\" data-element_type=\"widget\" data-widget_type=\"icon-box.default\">\n\t\t\t\t\t\t\t<div class=\"elementor-icon-box-wrapper\">\n\n\t\t\t\n\t\t\t\t\t\t<div class=\"elementor-icon-box-content\">\n\n\t\t\t\t\t\t\t\t\t<h5 class=\"elementor-icon-box-title\">\n\t\t\t\t\t\t<span  >\n\t\t\t\t\t\t\tKoszyk\t\t\t\t\t\t<\/span>\n\t\t\t\t\t<\/h5>\n\t\t\t\t\n\t\t\t\t\n\t\t\t<\/div>\n\t\t\t\n\t\t<\/div>\n\t\t\t\t\t\t<\/div>\n\t\t\t\t<\/div>\n\t\t<div class=\"elementor-element elementor-element-855f07e e-con-full e-flex e-con e-child\" data-id=\"855f07e\" data-element_type=\"container\">\n\t\t\t\t<div class=\"elementor-element elementor-element-caff75f elementor-widget-divider--view-line elementor-widget elementor-widget-divider\" data-id=\"caff75f\" data-element_type=\"widget\" data-widget_type=\"divider.default\">\n\t\t\t\t\t\t\t<div class=\"elementor-divider\">\n\t\t\t<span class=\"elementor-divider-separator\">\n\t\t\t\t\t\t<\/span>\n\t\t<\/div>\n\t\t\t\t\t\t<\/div>\n\t\t\t\t<\/div>\n\t\t<div class=\"elementor-element elementor-element-aec043c e-con-full e-flex e-con e-child\" data-id=\"aec043c\" data-element_type=\"container\">\n\t\t\t\t<div class=\"elementor-element elementor-element-ee292d1 elementor-widget elementor-widget-icon-box\" data-id=\"ee292d1\" data-element_type=\"widget\" data-widget_type=\"icon-box.default\">\n\t\t\t\t\t\t\t<div class=\"elementor-icon-box-wrapper\">\n\n\t\t\t\n\t\t\t\t\t\t<div class=\"elementor-icon-box-content\">\n\n\t\t\t\t\t\t\t\t\t<h5 class=\"elementor-icon-box-title\">\n\t\t\t\t\t\t<span  >\n\t\t\t\t\t\t\tDane i p\u0142atno\u015b\u0107\t\t\t\t\t\t<\/span>\n\t\t\t\t\t<\/h5>\n\t\t\t\t\n\t\t\t\t\n\t\t\t<\/div>\n\t\t\t\n\t\t<\/div>\n\t\t\t\t\t\t<\/div>\n\t\t\t\t<\/div>\n\t\t<div class=\"elementor-element elementor-element-75f7b26 e-con-full e-flex e-con e-child\" data-id=\"75f7b26\" data-element_type=\"container\">\n\t\t\t\t<div class=\"elementor-element elementor-element-8a82922 elementor-widget-divider--view-line elementor-widget elementor-widget-divider\" data-id=\"8a82922\" data-element_type=\"widget\" data-widget_type=\"divider.default\">\n\t\t\t\t\t\t\t<div class=\"elementor-divider\">\n\t\t\t<span class=\"elementor-divider-separator\">\n\t\t\t\t\t\t<\/span>\n\t\t<\/div>\n\t\t\t\t\t\t<\/div>\n\t\t\t\t<\/div>\n\t\t<div class=\"elementor-element elementor-element-0afdc5e e-con-full e-flex e-con e-child\" data-id=\"0afdc5e\" data-element_type=\"container\">\n\t\t\t\t<div class=\"elementor-element elementor-element-fdb408f elementor-widget elementor-widget-icon-box\" data-id=\"fdb408f\" data-element_type=\"widget\" data-widget_type=\"icon-box.default\">\n\t\t\t\t\t\t\t<div class=\"elementor-icon-box-wrapper\">\n\n\t\t\t\n\t\t\t\t\t\t<div class=\"elementor-icon-box-content\">\n\n\t\t\t\t\t\t\t\t\t<h5 class=\"elementor-icon-box-title\">\n\t\t\t\t\t\t<span  >\n\t\t\t\t\t\t\tPodsumowanie\t\t\t\t\t\t<\/span>\n\t\t\t\t\t<\/h5>\n\t\t\t\t\n\t\t\t\t\n\t\t\t<\/div>\n\t\t\t\n\t\t<\/div>\n\t\t\t\t\t\t<\/div>\n\t\t\t\t<\/div>\n\t\t\t\t\t<\/div>\n\t\t\t\t<\/div>\n\t\t<div class=\"elementor-element elementor-element-bf06346 e-flex e-con-boxed e-con e-parent\" data-id=\"bf06346\" data-element_type=\"container\">\n\t\t\t\t\t<div class=\"e-con-inner\">\n\t\t<div class=\"elementor-element elementor-element-b147b31 e-con-full e-flex e-con e-child\" data-id=\"b147b31\" data-element_type=\"container\">\n\t\t\t\t<div class=\"elementor-element elementor-element-5b29c84 elementor-widget elementor-widget-heading\" data-id=\"5b29c84\" data-element_type=\"widget\" data-widget_type=\"heading.default\">\n\t\t\t\t\t<span class=\"elementor-heading-title elementor-size-default\"><a href=\"\/sklep\/produkty\/\">Wr\u00f3\u0107 do sklepu<\/a><\/span>\t\t\t\t<\/div>\n\t\t\t\t<\/div>\n\t\t<div class=\"elementor-element elementor-element-bbe65cf e-con-full e-flex e-con e-child\" data-id=\"bbe65cf\" data-element_type=\"container\">\n\t\t\t\t<\/div>\n\t\t\t\t\t<\/div>\n\t\t\t\t<\/div>\n\t\t\t\t<\/div>\n\t\t","protected":false},"excerpt":{"rendered":"<p>Koszyk Dane i p\u0142atno\u015b\u0107 Podsumowanie Wr\u00f3\u0107 do sklepu Usu\u0144 Miniatura Produkt Cena Ilo\u015b\u0107 Kwota &times; Pier\u015bcionek poz\u0142acany 3899,00&nbsp;&#122;&#322; ilo\u015b\u0107 Pier\u015bcionek poz\u0142acany 3899,00&nbsp;&#122;&#322; &times; Rose Lip 349,99&nbsp;&#122;&#322; ilo\u015b\u0107 Rose Lip 349,99&nbsp;&#122;&#322; Zastosuj kupon rabatowy Podsumowanie Kwota 4248,99&nbsp;&#122;&#322; Wysy\u0142ka Free shipping Wysy\u0142ka do: rzeczna 1, 37-400 nisko. Zmie\u0144 adres Kraj \/ region: Wybierz kraj\/region&hellip;AfganistanAlbaniaAlgieriaAndoraAngolaAnguillaAntarktydaAntigua i BarbudaArabia SaudyjskaArgentynaArmeniaArubaAustraliaAustriaAzerbejd\u017canBahamyBahrajnBangladeszBarbadosBelauBelgiaBelizeBeninBermudyBhutanBia\u0142oru\u015bBoliwiaBo\u015bnia [&hellip;]<\/p>\n","protected":false},"author":1,"featured_media":0,"parent":0,"menu_order":0,"comment_status":"closed","ping_status":"closed","template":"","meta":{"_acf_changed":false,"footnotes":""},"class_list":["post-3935","page","type-page","status-publish","hentry"],"acf":[],"yoast_head":"<!-- This site is optimized with the Yoast SEO Premium plugin v24.6 (Yoast SEO v24.6) - https:\/\/yoast.com\/wordpress\/plugins\/seo\/ -->\n<title>Cart - Celebruj Siebie<\/title>\n<meta name=\"robots\" content=\"index, follow, max-snippet:-1, max-image-preview:large, max-video-preview:-1\" \/>\n<link rel=\"canonical\" href=\"https:\/\/celebrujsiebie.pl\/en\/cart\/\" \/>\n<meta property=\"og:locale\" content=\"en_US\" \/>\n<meta property=\"og:type\" content=\"article\" \/>\n<meta property=\"og:title\" content=\"Cart\" \/>\n<meta property=\"og:description\" content=\"Koszyk Dane i p\u0142atno\u015b\u0107 Podsumowanie Wr\u00f3\u0107 do sklepu Usu\u0144 Miniatura Produkt Cena Ilo\u015b\u0107 Kwota &times; Pier\u015bcionek poz\u0142acany 3899,00&nbsp;&#122;&#322; ilo\u015b\u0107 Pier\u015bcionek poz\u0142acany 3899,00&nbsp;&#122;&#322; &times; Rose Lip 349,99&nbsp;&#122;&#322; ilo\u015b\u0107 Rose Lip 349,99&nbsp;&#122;&#322; Zastosuj kupon rabatowy Podsumowanie Kwota 4248,99&nbsp;&#122;&#322; Wysy\u0142ka Free shipping Wysy\u0142ka do: rzeczna 1, 37-400 nisko. Zmie\u0144 adres Kraj \/ region: Wybierz kraj\/region&hellip;AfganistanAlbaniaAlgieriaAndoraAngolaAnguillaAntarktydaAntigua i BarbudaArabia SaudyjskaArgentynaArmeniaArubaAustraliaAustriaAzerbejd\u017canBahamyBahrajnBangladeszBarbadosBelauBelgiaBelizeBeninBermudyBhutanBia\u0142oru\u015bBoliwiaBo\u015bnia [&hellip;]\" \/>\n<meta property=\"og:url\" content=\"https:\/\/celebrujsiebie.pl\/en\/cart\/\" \/>\n<meta property=\"og:site_name\" content=\"Celebruj Siebie\" \/>\n<meta property=\"article:modified_time\" content=\"2025-10-18T16:42:52+00:00\" \/>\n<meta property=\"og:image\" content=\"https:\/\/celebrujsiebie.pl\/wp-content\/uploads\/2025\/02\/2-1-300x300.png\" \/>\n<meta name=\"twitter:card\" content=\"summary_large_image\" \/>\n<meta name=\"twitter:label1\" content=\"Est. reading time\" \/>\n\t<meta name=\"twitter:data1\" content=\"1 minute\" \/>\n<script type=\"application\/ld+json\" class=\"yoast-schema-graph\">{\"@context\":\"https:\/\/schema.org\",\"@graph\":[{\"@type\":\"WebPage\",\"@id\":\"https:\/\/celebrujsiebie.pl\/en\/cart\/\",\"url\":\"https:\/\/celebrujsiebie.pl\/en\/cart\/\",\"name\":\"Cart - Celebruj Siebie\",\"isPartOf\":{\"@id\":\"https:\/\/celebrujsiebie.pl\/#website\"},\"primaryImageOfPage\":{\"@id\":\"https:\/\/celebrujsiebie.pl\/en\/cart\/#primaryimage\"},\"image\":{\"@id\":\"https:\/\/celebrujsiebie.pl\/en\/cart\/#primaryimage\"},\"thumbnailUrl\":\"https:\/\/celebrujsiebie.pl\/wp-content\/uploads\/2025\/02\/2-1-300x300.png\",\"datePublished\":\"2025-02-28T19:28:54+00:00\",\"dateModified\":\"2025-10-18T16:42:52+00:00\",\"breadcrumb\":{\"@id\":\"https:\/\/celebrujsiebie.pl\/en\/cart\/#breadcrumb\"},\"inLanguage\":\"en-US\",\"potentialAction\":[{\"@type\":\"ReadAction\",\"target\":[\"https:\/\/celebrujsiebie.pl\/en\/cart\/\"]}]},{\"@type\":\"ImageObject\",\"inLanguage\":\"en-US\",\"@id\":\"https:\/\/celebrujsiebie.pl\/en\/cart\/#primaryimage\",\"url\":\"https:\/\/celebrujsiebie.pl\/wp-content\/uploads\/2025\/02\/2-1-300x300.png\",\"contentUrl\":\"https:\/\/celebrujsiebie.pl\/wp-content\/uploads\/2025\/02\/2-1-300x300.png\"},{\"@type\":\"BreadcrumbList\",\"@id\":\"https:\/\/celebrujsiebie.pl\/en\/cart\/#breadcrumb\",\"itemListElement\":[{\"@type\":\"ListItem\",\"position\":1,\"name\":\"\",\"item\":\"https:\/\/celebrujsiebie.pl\/en\/homepage\/\"},{\"@type\":\"ListItem\",\"position\":2,\"name\":\"Cart\"}]},{\"@type\":\"WebSite\",\"@id\":\"https:\/\/celebrujsiebie.pl\/#website\",\"url\":\"https:\/\/celebrujsiebie.pl\/\",\"name\":\"Celebruj Siebie\",\"description\":\"Fundacja\",\"publisher\":{\"@id\":\"https:\/\/celebrujsiebie.pl\/#organization\"},\"potentialAction\":[{\"@type\":\"SearchAction\",\"target\":{\"@type\":\"EntryPoint\",\"urlTemplate\":\"https:\/\/celebrujsiebie.pl\/?s={search_term_string}\"},\"query-input\":{\"@type\":\"PropertyValueSpecification\",\"valueRequired\":true,\"valueName\":\"search_term_string\"}}],\"inLanguage\":\"en-US\"},{\"@type\":\"Organization\",\"@id\":\"https:\/\/celebrujsiebie.pl\/#organization\",\"name\":\"Celebruj Siebie\",\"url\":\"https:\/\/celebrujsiebie.pl\/\",\"logo\":{\"@type\":\"ImageObject\",\"inLanguage\":\"en-US\",\"@id\":\"https:\/\/celebrujsiebie.pl\/#\/schema\/logo\/image\/\",\"url\":\"https:\/\/celebrujsiebie.pl\/wp-content\/uploads\/2025\/02\/samo-zlote_Obszar-roboczy-1.webp\",\"contentUrl\":\"https:\/\/celebrujsiebie.pl\/wp-content\/uploads\/2025\/02\/samo-zlote_Obszar-roboczy-1.webp\",\"width\":1042,\"height\":1042,\"caption\":\"Celebruj Siebie\"},\"image\":{\"@id\":\"https:\/\/celebrujsiebie.pl\/#\/schema\/logo\/image\/\"}}]}<\/script>\n<!-- \/ Yoast SEO Premium plugin. -->","yoast_head_json":{"title":"Cart - Celebruj Siebie","robots":{"index":"index","follow":"follow","max-snippet":"max-snippet:-1","max-image-preview":"max-image-preview:large","max-video-preview":"max-video-preview:-1"},"canonical":"https:\/\/celebrujsiebie.pl\/en\/cart\/","og_locale":"en_US","og_type":"article","og_title":"Cart","og_description":"Koszyk Dane i p\u0142atno\u015b\u0107 Podsumowanie Wr\u00f3\u0107 do sklepu Usu\u0144 Miniatura Produkt Cena Ilo\u015b\u0107 Kwota &times; Pier\u015bcionek poz\u0142acany 3899,00&nbsp;&#122;&#322; ilo\u015b\u0107 Pier\u015bcionek poz\u0142acany 3899,00&nbsp;&#122;&#322; &times; Rose Lip 349,99&nbsp;&#122;&#322; ilo\u015b\u0107 Rose Lip 349,99&nbsp;&#122;&#322; Zastosuj kupon rabatowy Podsumowanie Kwota 4248,99&nbsp;&#122;&#322; Wysy\u0142ka Free shipping Wysy\u0142ka do: rzeczna 1, 37-400 nisko. Zmie\u0144 adres Kraj \/ region: Wybierz kraj\/region&hellip;AfganistanAlbaniaAlgieriaAndoraAngolaAnguillaAntarktydaAntigua i BarbudaArabia SaudyjskaArgentynaArmeniaArubaAustraliaAustriaAzerbejd\u017canBahamyBahrajnBangladeszBarbadosBelauBelgiaBelizeBeninBermudyBhutanBia\u0142oru\u015bBoliwiaBo\u015bnia [&hellip;]","og_url":"https:\/\/celebrujsiebie.pl\/en\/cart\/","og_site_name":"Celebruj Siebie","article_modified_time":"2025-10-18T16:42:52+00:00","og_image":[{"url":"https:\/\/celebrujsiebie.pl\/wp-content\/uploads\/2025\/02\/2-1-300x300.png","type":"","width":"","height":""}],"twitter_card":"summary_large_image","twitter_misc":{"Est. reading time":"1 minute"},"schema":{"@context":"https:\/\/schema.org","@graph":[{"@type":"WebPage","@id":"https:\/\/celebrujsiebie.pl\/en\/cart\/","url":"https:\/\/celebrujsiebie.pl\/en\/cart\/","name":"Cart - Celebruj Siebie","isPartOf":{"@id":"https:\/\/celebrujsiebie.pl\/#website"},"primaryImageOfPage":{"@id":"https:\/\/celebrujsiebie.pl\/en\/cart\/#primaryimage"},"image":{"@id":"https:\/\/celebrujsiebie.pl\/en\/cart\/#primaryimage"},"thumbnailUrl":"https:\/\/celebrujsiebie.pl\/wp-content\/uploads\/2025\/02\/2-1-300x300.png","datePublished":"2025-02-28T19:28:54+00:00","dateModified":"2025-10-18T16:42:52+00:00","breadcrumb":{"@id":"https:\/\/celebrujsiebie.pl\/en\/cart\/#breadcrumb"},"inLanguage":"en-US","potentialAction":[{"@type":"ReadAction","target":["https:\/\/celebrujsiebie.pl\/en\/cart\/"]}]},{"@type":"ImageObject","inLanguage":"en-US","@id":"https:\/\/celebrujsiebie.pl\/en\/cart\/#primaryimage","url":"https:\/\/celebrujsiebie.pl\/wp-content\/uploads\/2025\/02\/2-1-300x300.png","contentUrl":"https:\/\/celebrujsiebie.pl\/wp-content\/uploads\/2025\/02\/2-1-300x300.png"},{"@type":"BreadcrumbList","@id":"https:\/\/celebrujsiebie.pl\/en\/cart\/#breadcrumb","itemListElement":[{"@type":"ListItem","position":1,"name":"","item":"https:\/\/celebrujsiebie.pl\/en\/homepage\/"},{"@type":"ListItem","position":2,"name":"Cart"}]},{"@type":"WebSite","@id":"https:\/\/celebrujsiebie.pl\/#website","url":"https:\/\/celebrujsiebie.pl\/","name":"Celebruj Siebie","description":"Fundacja","publisher":{"@id":"https:\/\/celebrujsiebie.pl\/#organization"},"potentialAction":[{"@type":"SearchAction","target":{"@type":"EntryPoint","urlTemplate":"https:\/\/celebrujsiebie.pl\/?s={search_term_string}"},"query-input":{"@type":"PropertyValueSpecification","valueRequired":true,"valueName":"search_term_string"}}],"inLanguage":"en-US"},{"@type":"Organization","@id":"https:\/\/celebrujsiebie.pl\/#organization","name":"Celebruj Siebie","url":"https:\/\/celebrujsiebie.pl\/","logo":{"@type":"ImageObject","inLanguage":"en-US","@id":"https:\/\/celebrujsiebie.pl\/#\/schema\/logo\/image\/","url":"https:\/\/celebrujsiebie.pl\/wp-content\/uploads\/2025\/02\/samo-zlote_Obszar-roboczy-1.webp","contentUrl":"https:\/\/celebrujsiebie.pl\/wp-content\/uploads\/2025\/02\/samo-zlote_Obszar-roboczy-1.webp","width":1042,"height":1042,"caption":"Celebruj Siebie"},"image":{"@id":"https:\/\/celebrujsiebie.pl\/#\/schema\/logo\/image\/"}}]}},"_links":{"self":[{"href":"https:\/\/celebrujsiebie.pl\/en\/wp-json\/wp\/v2\/pages\/3935","targetHints":{"allow":["GET"]}}],"collection":[{"href":"https:\/\/celebrujsiebie.pl\/en\/wp-json\/wp\/v2\/pages"}],"about":[{"href":"https:\/\/celebrujsiebie.pl\/en\/wp-json\/wp\/v2\/types\/page"}],"author":[{"embeddable":true,"href":"https:\/\/celebrujsiebie.pl\/en\/wp-json\/wp\/v2\/users\/1"}],"replies":[{"embeddable":true,"href":"https:\/\/celebrujsiebie.pl\/en\/wp-json\/wp\/v2\/comments?post=3935"}],"version-history":[{"count":0,"href":"https:\/\/celebrujsiebie.pl\/en\/wp-json\/wp\/v2\/pages\/3935\/revisions"}],"wp:attachment":[{"href":"https:\/\/celebrujsiebie.pl\/en\/wp-json\/wp\/v2\/media?parent=3935"}],"curies":[{"name":"wp","href":"https:\/\/api.w.org\/{rel}","templated":true}]}}